{"id":400,"date":"2017-06-26T14:43:55","date_gmt":"2017-06-26T17:43:55","guid":{"rendered":"http:\/\/events.sustainablebrands.com\/sb17saopaulo\/?page_id=400"},"modified":"2017-08-31T17:14:47","modified_gmt":"2017-08-31T20:14:47","slug":"faca-parte-dessa-rede","status":"publish","type":"page","link":"https:\/\/events.sustainablebrands.com\/conferences\/sb17saopaulo\/pt\/faca-parte-dessa-rede\/","title":{"rendered":"Fa\u00e7a parte da rede"},"content":{"rendered":"<p>&nbsp;<\/p>\n<p><img loading=\"lazy\" class=\"aligncenter size-full wp-image-435\" src=\"events.sustainablebrands.com\/conferences\/sb17saopaulo\/wp-content\/uploads\/2017\/06\/image4-e1499366900629.jpeg\" alt=\"\" width=\"2640\" height=\"1980\" srcset=\"https:\/\/events.sustainablebrands.com\/conferences\/sb17saopaulo\/wp-content\/uploads\/2017\/06\/image4-e1499366900629.jpeg 2640w, https:\/\/events.sustainablebrands.com\/conferences\/sb17saopaulo\/wp-content\/uploads\/2017\/06\/image4-e1499366900629-300x225.jpeg 300w, https:\/\/events.sustainablebrands.com\/conferences\/sb17saopaulo\/wp-content\/uploads\/2017\/06\/image4-e1499366900629-768x576.jpeg 768w, https:\/\/events.sustainablebrands.com\/conferences\/sb17saopaulo\/wp-content\/uploads\/2017\/06\/image4-e1499366900629-1024x768.jpeg 1024w, https:\/\/events.sustainablebrands.com\/conferences\/sb17saopaulo\/wp-content\/uploads\/2017\/06\/image4-e1499366900629-212x159.jpeg 212w, https:\/\/events.sustainablebrands.com\/conferences\/sb17saopaulo\/wp-content\/uploads\/2017\/06\/image4-e1499366900629-327x245.jpeg 327w, https:\/\/events.sustainablebrands.com\/conferences\/sb17saopaulo\/wp-content\/uploads\/2017\/06\/image4-e1499366900629-315x236.jpeg 315w, https:\/\/events.sustainablebrands.com\/conferences\/sb17saopaulo\/wp-content\/uploads\/2017\/06\/image4-e1499366900629-251x188.jpeg 251w, https:\/\/events.sustainablebrands.com\/conferences\/sb17saopaulo\/wp-content\/uploads\/2017\/06\/image4-e1499366900629-571x428.jpeg 571w, https:\/\/events.sustainablebrands.com\/conferences\/sb17saopaulo\/wp-content\/uploads\/2017\/06\/image4-e1499366900629-519x389.jpeg 519w\" sizes=\"(max-width: 2640px) 100vw, 2640px\" \/><\/p>\n<p>A proposta de valor do Sustainable Brands S\u00e3o Paulo 2017 oferece muito mais do que visibilidade de marca para as marcas: nosso compromisso \u00e9 proporcionar um\u00a0di\u00e1logo efetivo com profissionais criadores de projetos de sustentabilidade, sobre o papel das marcas na transforma\u00e7\u00e3o da sociedade e a gera\u00e7\u00e3o de um conhecimento relevante para o direcionamento dos neg\u00f3cios nesse final de d\u00e9cada.<\/p>\n<p><a href=\"http:\/\/sustainablebrands.com\/\">Sustainable Brands<\/a>\u00a0\u00e9 uma plataforma global de inova\u00e7\u00e3o, que impulsiona o aprendizado e a colabora\u00e7\u00e3o de uma comunidade de mais de 350 mil profissionais, dispostos a alavancar a sustentabilidade como direcionador de neg\u00f3cios e de gera\u00e7\u00e3o de valor das marcas.<\/p>\n<p>Desenvolvida h\u00e1 11 anos nos Estados Unidos, Sustainable Brands \u00e9 a mais influente plataforma de comunica\u00e7\u00e3o na internet americana e nossa rede global de confer\u00eancias est\u00e1 presente em todos os continentes com eventos em Detroit, Boston, Buenos Aires, Barcelona, Madri, Copenhagen, Istanbul, Cidade do Cabo, Bangkok, Kuala Lumpur e T\u00f3quio.<\/p>\n<p>&nbsp;<\/p>\n<p>Quer saber mais sobre como fazer parte dessa rede? Consulte nossa equipe:<\/p>\n<p><a href=\"mailto:alvaro@reportsustentabilidade.com.br\">alvaro@reportsustentabilidade.com.br<\/a><br \/>\n<a href=\"mailto:negocios@reportsustentabilidade.com.br\">negocios@reportsustentabilidade.com.br<\/a><\/p>\n","protected":false},"excerpt":{"rendered":"<p>&nbsp; A proposta de valor do Sustainable Brands S\u00e3o Paulo 2017 oferece muito mais do que visibilidade de marca para as marcas: nosso compromisso \u00e9 proporcionar um\u00a0di\u00e1logo efetivo com profissionais criadores de projetos de sustentabilidade, sobre o papel das marcas na transforma\u00e7\u00e3o da sociedade e a gera\u00e7\u00e3o de um conhecimento relevante para o direcionamento dos [&hellip;]<\/p>\n","protected":false},"author":5,"featured_media":0,"parent":0,"menu_order":0,"comment_status":"closed","ping_status":"closed","template":"","meta":[],"_links":{"self":[{"href":"https:\/\/events.sustainablebrands.com\/conferences\/sb17saopaulo\/wp-json\/wp\/v2\/pages\/400"}],"collection":[{"href":"https:\/\/events.sustainablebrands.com\/conferences\/sb17saopaulo\/wp-json\/wp\/v2\/pages"}],"about":[{"href":"https:\/\/events.sustainablebrands.com\/conferences\/sb17saopaulo\/wp-json\/wp\/v2\/types\/page"}],"author":[{"embeddable":true,"href":"https:\/\/events.sustainablebrands.com\/conferences\/sb17saopaulo\/wp-json\/wp\/v2\/users\/5"}],"replies":[{"embeddable":true,"href":"https:\/\/events.sustainablebrands.com\/conferences\/sb17saopaulo\/wp-json\/wp\/v2\/comments?post=400"}],"version-history":[{"count":3,"href":"https:\/\/events.sustainablebrands.com\/conferences\/sb17saopaulo\/wp-json\/wp\/v2\/pages\/400\/revisions"}],"predecessor-version":[{"id":870,"href":"https:\/\/events.sustainablebrands.com\/conferences\/sb17saopaulo\/wp-json\/wp\/v2\/pages\/400\/revisions\/870"}],"wp:attachment":[{"href":"https:\/\/events.sustainablebrands.com\/conferences\/sb17saopaulo\/wp-json\/wp\/v2\/media?parent=400"}],"curies":[{"name":"wp","href":"https:\/\/api.w.org\/{rel}","templated":true}]}}