{"id":398,"date":"2017-06-26T14:42:12","date_gmt":"2017-06-26T17:42:12","guid":{"rendered":"http:\/\/events.sustainablebrands.com\/sb17saopaulo\/?page_id=398"},"modified":"2017-08-22T14:38:23","modified_gmt":"2017-08-22T17:38:23","slug":"sobre","status":"publish","type":"page","link":"https:\/\/events.sustainablebrands.com\/conferences\/sb17saopaulo\/pt\/sobre\/","title":{"rendered":"Sobre"},"content":{"rendered":"<p><img loading=\"lazy\" class=\"aligncenter size-full wp-image-432\" src=\"events.sustainablebrands.com\/conferences\/sb17saopaulo\/wp-content\/uploads\/2017\/06\/image3.jpg\" alt=\"\" width=\"1920\" height=\"1080\" srcset=\"https:\/\/events.sustainablebrands.com\/conferences\/sb17saopaulo\/wp-content\/uploads\/2017\/06\/image3.jpg 1920w, https:\/\/events.sustainablebrands.com\/conferences\/sb17saopaulo\/wp-content\/uploads\/2017\/06\/image3-300x169.jpg 300w, https:\/\/events.sustainablebrands.com\/conferences\/sb17saopaulo\/wp-content\/uploads\/2017\/06\/image3-768x432.jpg 768w, https:\/\/events.sustainablebrands.com\/conferences\/sb17saopaulo\/wp-content\/uploads\/2017\/06\/image3-1024x576.jpg 1024w, https:\/\/events.sustainablebrands.com\/conferences\/sb17saopaulo\/wp-content\/uploads\/2017\/06\/image3-212x119.jpg 212w, https:\/\/events.sustainablebrands.com\/conferences\/sb17saopaulo\/wp-content\/uploads\/2017\/06\/image3-400x225.jpg 400w, https:\/\/events.sustainablebrands.com\/conferences\/sb17saopaulo\/wp-content\/uploads\/2017\/06\/image3-355x200.jpg 355w, https:\/\/events.sustainablebrands.com\/conferences\/sb17saopaulo\/wp-content\/uploads\/2017\/06\/image3-306x172.jpg 306w, https:\/\/events.sustainablebrands.com\/conferences\/sb17saopaulo\/wp-content\/uploads\/2017\/06\/image3-642x361.jpg 642w, https:\/\/events.sustainablebrands.com\/conferences\/sb17saopaulo\/wp-content\/uploads\/2017\/06\/image3-692x389.jpg 692w\" sizes=\"(max-width: 1920px) 100vw, 1920px\" \/><\/p>\n<p><a href=\"http:\/\/sustainablebrands.com\">Sustainable Brands<\/a> \u00e9 uma plataforma global de inova\u00e7\u00e3o, que impulsiona o aprendizado e a colabora\u00e7\u00e3o de uma comunidade de mais de 350 mil profissionais, dispostos a alavancar a sustentabilidade como direcionador de neg\u00f3cios e de gera\u00e7\u00e3o de valor das marcas.<\/p>\n<p>Desenvolvida h\u00e1 11 anos nos Estados Unidos, Sustainable Brands \u00e9 a mais influente plataforma de comunica\u00e7\u00e3o na internet americana e nossa rede global de confer\u00eancias est\u00e1 presente em todos os continentes com eventos em Detroit, Boston, Buenos Aires, Barcelona, Madri, Copenhagen, Istanbul, Cidade do Cabo, Bangkok, Kuala Lumpur e T\u00f3quio.<\/p>\n<p>Pioneira na constru\u00e7\u00e3o dessa rede, a edi\u00e7\u00e3o brasileira foi realizada por quatro anos no Rio de Janeiro pela <strong>Report Sustentabilidade<\/strong> e agora vem a S\u00e3o Paulo em parceria com a Sustainable Life Media e uma ampla rede de apoiadores e patrocinadores no Brasil e no Exterior.<\/p>\n","protected":false},"excerpt":{"rendered":"<p>Sustainable Brands \u00e9 uma plataforma global de inova\u00e7\u00e3o, que impulsiona o aprendizado e a colabora\u00e7\u00e3o de uma comunidade de mais de 350 mil profissionais, dispostos a alavancar a sustentabilidade como direcionador de neg\u00f3cios e de gera\u00e7\u00e3o de valor das marcas. Desenvolvida h\u00e1 11 anos nos Estados Unidos, Sustainable Brands \u00e9 a mais influente plataforma de [&hellip;]<\/p>\n","protected":false},"author":5,"featured_media":0,"parent":0,"menu_order":0,"comment_status":"closed","ping_status":"closed","template":"","meta":[],"_links":{"self":[{"href":"https:\/\/events.sustainablebrands.com\/conferences\/sb17saopaulo\/wp-json\/wp\/v2\/pages\/398"}],"collection":[{"href":"https:\/\/events.sustainablebrands.com\/conferences\/sb17saopaulo\/wp-json\/wp\/v2\/pages"}],"about":[{"href":"https:\/\/events.sustainablebrands.com\/conferences\/sb17saopaulo\/wp-json\/wp\/v2\/types\/page"}],"author":[{"embeddable":true,"href":"https:\/\/events.sustainablebrands.com\/conferences\/sb17saopaulo\/wp-json\/wp\/v2\/users\/5"}],"replies":[{"embeddable":true,"href":"https:\/\/events.sustainablebrands.com\/conferences\/sb17saopaulo\/wp-json\/wp\/v2\/comments?post=398"}],"version-history":[{"count":3,"href":"https:\/\/events.sustainablebrands.com\/conferences\/sb17saopaulo\/wp-json\/wp\/v2\/pages\/398\/revisions"}],"predecessor-version":[{"id":698,"href":"https:\/\/events.sustainablebrands.com\/conferences\/sb17saopaulo\/wp-json\/wp\/v2\/pages\/398\/revisions\/698"}],"wp:attachment":[{"href":"https:\/\/events.sustainablebrands.com\/conferences\/sb17saopaulo\/wp-json\/wp\/v2\/media?parent=398"}],"curies":[{"name":"wp","href":"https:\/\/api.w.org\/{rel}","templated":true}]}}