{"id":396,"date":"2017-06-26T14:32:44","date_gmt":"2017-06-26T17:32:44","guid":{"rendered":"http:\/\/events.sustainablebrands.com\/sb17saopaulo\/?page_id=396"},"modified":"2017-09-19T07:35:43","modified_gmt":"2017-09-19T10:35:43","slug":"activation-hub","status":"publish","type":"page","link":"https:\/\/events.sustainablebrands.com\/conferences\/sb17saopaulo\/pt\/activation-hub\/","title":{"rendered":"Activation Hub"},"content":{"rendered":"<p><img loading=\"lazy\" class=\"aligncenter size-full wp-image-438\" src=\"events.sustainablebrands.com\/conferences\/sb17saopaulo\/wp-content\/uploads\/2017\/06\/MG_8808.jpg\" alt=\"\" width=\"4864\" height=\"3648\" srcset=\"https:\/\/events.sustainablebrands.com\/conferences\/sb17saopaulo\/wp-content\/uploads\/2017\/06\/MG_8808.jpg 4864w, https:\/\/events.sustainablebrands.com\/conferences\/sb17saopaulo\/wp-content\/uploads\/2017\/06\/MG_8808-300x225.jpg 300w, https:\/\/events.sustainablebrands.com\/conferences\/sb17saopaulo\/wp-content\/uploads\/2017\/06\/MG_8808-768x576.jpg 768w, https:\/\/events.sustainablebrands.com\/conferences\/sb17saopaulo\/wp-content\/uploads\/2017\/06\/MG_8808-1024x768.jpg 1024w, https:\/\/events.sustainablebrands.com\/conferences\/sb17saopaulo\/wp-content\/uploads\/2017\/06\/MG_8808-212x159.jpg 212w, https:\/\/events.sustainablebrands.com\/conferences\/sb17saopaulo\/wp-content\/uploads\/2017\/06\/MG_8808-327x245.jpg 327w, https:\/\/events.sustainablebrands.com\/conferences\/sb17saopaulo\/wp-content\/uploads\/2017\/06\/MG_8808-315x236.jpg 315w, https:\/\/events.sustainablebrands.com\/conferences\/sb17saopaulo\/wp-content\/uploads\/2017\/06\/MG_8808-251x188.jpg 251w, https:\/\/events.sustainablebrands.com\/conferences\/sb17saopaulo\/wp-content\/uploads\/2017\/06\/MG_8808-571x428.jpg 571w, https:\/\/events.sustainablebrands.com\/conferences\/sb17saopaulo\/wp-content\/uploads\/2017\/06\/MG_8808-519x389.jpg 519w\" sizes=\"(max-width: 4864px) 100vw, 4864px\" \/><\/p>\n<p>&nbsp;<\/p>\n<p class=\"m_4721323152586007863gmail-m_249285257239736200gmail-00Texto\">Com o tema Redefining the Good Life, o Sustainable Brands S\u00e3o Paulo inicia um ciclo de constru\u00e7\u00e3o de conhecimento e solu\u00e7\u00f5es sobre os novos padr\u00f5es de vida em sociedade. Este espa\u00e7o de co cria\u00e7\u00e3o \u00e9 o Activation Hub, que ter\u00e1 oito arenas simult\u00e2neas de debate sobre temas que nos ajudam a entender o que \u00e9 uma vida boa no presente e no futuro. Acesse<span lang=\"EN-US\">\u00a0a <a href=\"events.sustainablebrands.com\/conferences\/sb17saopaulo\/pt\/programacao\/\">PROGRAMA\u00c7\u00c3O<\/a>!<\/span><\/p>\n<p>&nbsp;<\/p>\n<p>&nbsp;<\/p>\n","protected":false},"excerpt":{"rendered":"<p>&nbsp; Com o tema Redefining the Good Life, o Sustainable Brands S\u00e3o Paulo inicia um ciclo de constru\u00e7\u00e3o de conhecimento e solu\u00e7\u00f5es sobre os novos padr\u00f5es de vida em sociedade. Este espa\u00e7o de co cria\u00e7\u00e3o \u00e9 o Activation Hub, que ter\u00e1 oito arenas simult\u00e2neas de debate sobre temas que nos ajudam a entender o que [&hellip;]<\/p>\n","protected":false},"author":5,"featured_media":0,"parent":0,"menu_order":0,"comment_status":"closed","ping_status":"closed","template":"","meta":[],"_links":{"self":[{"href":"https:\/\/events.sustainablebrands.com\/conferences\/sb17saopaulo\/wp-json\/wp\/v2\/pages\/396"}],"collection":[{"href":"https:\/\/events.sustainablebrands.com\/conferences\/sb17saopaulo\/wp-json\/wp\/v2\/pages"}],"about":[{"href":"https:\/\/events.sustainablebrands.com\/conferences\/sb17saopaulo\/wp-json\/wp\/v2\/types\/page"}],"author":[{"embeddable":true,"href":"https:\/\/events.sustainablebrands.com\/conferences\/sb17saopaulo\/wp-json\/wp\/v2\/users\/5"}],"replies":[{"embeddable":true,"href":"https:\/\/events.sustainablebrands.com\/conferences\/sb17saopaulo\/wp-json\/wp\/v2\/comments?post=396"}],"version-history":[{"count":3,"href":"https:\/\/events.sustainablebrands.com\/conferences\/sb17saopaulo\/wp-json\/wp\/v2\/pages\/396\/revisions"}],"predecessor-version":[{"id":1241,"href":"https:\/\/events.sustainablebrands.com\/conferences\/sb17saopaulo\/wp-json\/wp\/v2\/pages\/396\/revisions\/1241"}],"wp:attachment":[{"href":"https:\/\/events.sustainablebrands.com\/conferences\/sb17saopaulo\/wp-json\/wp\/v2\/media?parent=396"}],"curies":[{"name":"wp","href":"https:\/\/api.w.org\/{rel}","templated":true}]}}