{"id":374,"date":"2017-04-12T10:16:31","date_gmt":"2017-04-12T13:16:31","guid":{"rendered":"http:\/\/events.sustainablebrands.com\/sb17saopaulo\/?page_id=374"},"modified":"2017-09-08T14:28:59","modified_gmt":"2017-09-08T17:28:59","slug":"localizacao","status":"publish","type":"page","link":"https:\/\/events.sustainablebrands.com\/conferences\/sb17saopaulo\/pt\/localizacao\/","title":{"rendered":"Localiza\u00e7\u00e3o"},"content":{"rendered":"<p><img loading=\"lazy\" class=\"size-large wp-image-443\" src=\"events.sustainablebrands.com\/conferences\/sb17saopaulo\/wp-content\/uploads\/2017\/04\/image5-1024x768.jpg\" alt=\"\" width=\"1024\" height=\"768\" srcset=\"https:\/\/events.sustainablebrands.com\/conferences\/sb17saopaulo\/wp-content\/uploads\/2017\/04\/image5-1024x768.jpg 1024w, https:\/\/events.sustainablebrands.com\/conferences\/sb17saopaulo\/wp-content\/uploads\/2017\/04\/image5-300x225.jpg 300w, https:\/\/events.sustainablebrands.com\/conferences\/sb17saopaulo\/wp-content\/uploads\/2017\/04\/image5-768x576.jpg 768w, https:\/\/events.sustainablebrands.com\/conferences\/sb17saopaulo\/wp-content\/uploads\/2017\/04\/image5-212x159.jpg 212w, https:\/\/events.sustainablebrands.com\/conferences\/sb17saopaulo\/wp-content\/uploads\/2017\/04\/image5-327x245.jpg 327w, https:\/\/events.sustainablebrands.com\/conferences\/sb17saopaulo\/wp-content\/uploads\/2017\/04\/image5-315x236.jpg 315w, https:\/\/events.sustainablebrands.com\/conferences\/sb17saopaulo\/wp-content\/uploads\/2017\/04\/image5-251x188.jpg 251w, https:\/\/events.sustainablebrands.com\/conferences\/sb17saopaulo\/wp-content\/uploads\/2017\/04\/image5-571x428.jpg 571w, https:\/\/events.sustainablebrands.com\/conferences\/sb17saopaulo\/wp-content\/uploads\/2017\/04\/image5-519x389.jpg 519w\" sizes=\"(max-width: 1024px) 100vw, 1024px\" \/><\/p>\n<p>Unibes Cultural Um dos mais ativos e influentes espa\u00e7os culturais de S\u00e3o Paulo, o Unibes Cultural tem a voca\u00e7\u00e3o de apresentar os grandes temas globais e refletir sobre como s\u00e3o incorporados na cultura da cidade. Um lugar para a express\u00e3o de jovens talentos e nomes consagrados nas diferentes \u00e1reas de conhecimento.<\/p>\n<p>UNIBES CULTURAL<br \/>\nRUA OSCAR FREIRE, 2.500<br \/>\nSUMAR\u00c9, S\u00c3O PAULO<br \/>\n(11) 3065-4333<\/p>\n","protected":false},"excerpt":{"rendered":"<p>Unibes Cultural Um dos mais ativos e influentes espa\u00e7os culturais de S\u00e3o Paulo, o Unibes Cultural tem a voca\u00e7\u00e3o de apresentar os grandes temas globais e refletir sobre como s\u00e3o incorporados na cultura da cidade. Um lugar para a express\u00e3o de jovens talentos e nomes consagrados nas diferentes \u00e1reas de conhecimento. UNIBES CULTURAL RUA OSCAR [&hellip;]<\/p>\n","protected":false},"author":1,"featured_media":0,"parent":0,"menu_order":500,"comment_status":"closed","ping_status":"closed","template":"","meta":[],"_links":{"self":[{"href":"https:\/\/events.sustainablebrands.com\/conferences\/sb17saopaulo\/wp-json\/wp\/v2\/pages\/374"}],"collection":[{"href":"https:\/\/events.sustainablebrands.com\/conferences\/sb17saopaulo\/wp-json\/wp\/v2\/pages"}],"about":[{"href":"https:\/\/events.sustainablebrands.com\/conferences\/sb17saopaulo\/wp-json\/wp\/v2\/types\/page"}],"author":[{"embeddable":true,"href":"https:\/\/events.sustainablebrands.com\/conferences\/sb17saopaulo\/wp-json\/wp\/v2\/users\/1"}],"replies":[{"embeddable":true,"href":"https:\/\/events.sustainablebrands.com\/conferences\/sb17saopaulo\/wp-json\/wp\/v2\/comments?post=374"}],"version-history":[{"count":3,"href":"https:\/\/events.sustainablebrands.com\/conferences\/sb17saopaulo\/wp-json\/wp\/v2\/pages\/374\/revisions"}],"predecessor-version":[{"id":923,"href":"https:\/\/events.sustainablebrands.com\/conferences\/sb17saopaulo\/wp-json\/wp\/v2\/pages\/374\/revisions\/923"}],"wp:attachment":[{"href":"https:\/\/events.sustainablebrands.com\/conferences\/sb17saopaulo\/wp-json\/wp\/v2\/media?parent=374"}],"curies":[{"name":"wp","href":"https:\/\/api.w.org\/{rel}","templated":true}]}}