{"id":332,"date":"2017-04-11T18:07:03","date_gmt":"2017-04-11T21:07:03","guid":{"rendered":"http:\/\/events.sustainablebrands.com\/sb17saopaulo\/?page_id=332"},"modified":"2017-09-16T13:46:19","modified_gmt":"2017-09-16T16:46:19","slug":"programacao","status":"publish","type":"page","link":"https:\/\/events.sustainablebrands.com\/conferences\/sb17saopaulo\/pt\/programacao\/","title":{"rendered":"Programa\u00e7\u00e3o"},"content":{"rendered":"<p>Sustainable Brands S\u00e3o Paulo 2017 marca o in\u00edcio de um ambicioso projeto de tr\u00eas anos que proporciona um espa\u00e7o de aprendizagem sobre como promover transforma\u00e7\u00f5es nos neg\u00f3cios que nos permitam atender ao grande anseio das pessoas, dentro e fora das empresas: alcan\u00e7ar uma vida de qualidade, seja do ponto de vista individual, familiar, comunit\u00e1rio, organizacional e coletivo nas cidades, nos pa\u00edses ou no planeta. Nossa trajet\u00f3ria de cocria\u00e7\u00e3o de respostas para esse futuro que almejamos prop\u00f5e:<\/p>\n<p>&gt; Redefining the Good Life em 2017<br \/>\n&gt; Redesigning the Good Life em 2018<br \/>\n&gt; Delivering the Good Life em 2019<\/p>\n<p>Assim, queremos que a plataforma Sustainable Brands seja um espa\u00e7o de efetivo desenvolvimento de conhecimento e de relacionamento que possa direcionar rapidamente as decis\u00f5es dos neg\u00f3cios de todos os portes e setores, de maneira a fazer frente \u00e0s aceleradas transforma\u00e7\u00f5es necess\u00e1rias para garantir um futuro melhor para nossa vida em sociedade.<\/p>\n<p>&nbsp;<\/p>\n","protected":false},"excerpt":{"rendered":"<p>Sustainable Brands S\u00e3o Paulo 2017 marca o in\u00edcio de um ambicioso projeto de tr\u00eas anos que proporciona um espa\u00e7o de aprendizagem sobre como promover transforma\u00e7\u00f5es nos neg\u00f3cios que nos permitam atender ao grande anseio das pessoas, dentro e fora das empresas: alcan\u00e7ar uma vida de qualidade, seja do ponto de vista individual, familiar, comunit\u00e1rio, organizacional [&hellip;]<\/p>\n","protected":false},"author":1,"featured_media":0,"parent":0,"menu_order":200,"comment_status":"closed","ping_status":"closed","template":"schedule.php","meta":[],"_links":{"self":[{"href":"https:\/\/events.sustainablebrands.com\/conferences\/sb17saopaulo\/wp-json\/wp\/v2\/pages\/332"}],"collection":[{"href":"https:\/\/events.sustainablebrands.com\/conferences\/sb17saopaulo\/wp-json\/wp\/v2\/pages"}],"about":[{"href":"https:\/\/events.sustainablebrands.com\/conferences\/sb17saopaulo\/wp-json\/wp\/v2\/types\/page"}],"author":[{"embeddable":true,"href":"https:\/\/events.sustainablebrands.com\/conferences\/sb17saopaulo\/wp-json\/wp\/v2\/users\/1"}],"replies":[{"embeddable":true,"href":"https:\/\/events.sustainablebrands.com\/conferences\/sb17saopaulo\/wp-json\/wp\/v2\/comments?post=332"}],"version-history":[{"count":3,"href":"https:\/\/events.sustainablebrands.com\/conferences\/sb17saopaulo\/wp-json\/wp\/v2\/pages\/332\/revisions"}],"predecessor-version":[{"id":1192,"href":"https:\/\/events.sustainablebrands.com\/conferences\/sb17saopaulo\/wp-json\/wp\/v2\/pages\/332\/revisions\/1192"}],"wp:attachment":[{"href":"https:\/\/events.sustainablebrands.com\/conferences\/sb17saopaulo\/wp-json\/wp\/v2\/media?parent=332"}],"curies":[{"name":"wp","href":"https:\/\/api.w.org\/{rel}","templated":true}]}}