{"id":66,"date":"2016-11-15T22:19:56","date_gmt":"2016-11-15T22:19:56","guid":{"rendered":"https:\/\/events.sustainablebrands.com\/conferences\/sb17istanbul\/?page_id=66"},"modified":"2017-02-14T14:42:11","modified_gmt":"2017-02-14T14:42:11","slug":"program-overview","status":"publish","type":"page","link":"https:\/\/events.sustainablebrands.com\/conferences\/sb17istanbul\/en\/program-overview\/","title":{"rendered":"Program Overview"},"content":{"rendered":"<div class=\"container\">\n<div class=\"row\">\n<div>\n<div class=\"container\">\n<div class=\"row\">\n<p>Through an innovative program of collaboration and information,\u00a0Sustainable Brands \u201917 Istanbul seeks to provide inspiration, tools, and partnerships to drive business success and positive impact. Join us for\u00a0<font style=\"color:#00b3e8; font-size:18px\">plenaries,\u00a0breakouts,\u00a0workshops<\/font> and\u00a0the <font style=\"color:#00b3e8; font-size:18px\">Activation Hub<\/font> where you will discover how brands and business leaders are \u201cActivating Purpose\u201d with sustainability-led innovation to create scalable impact and profitability.<\/p>\n<p>&nbsp;<\/p>\n<\/div>\n<div class=\"row\" style=\"padding: 0px 20px; background-color: #00b3e8; color: #ffffff;\">\n<p><span style=\"color: #ffffff; margin-top: 10px; font-size: 33px; line-height: 65px;\">PLENARIES<br \/>\n<\/span><\/p>\n<p><span style=\"color: #ffffff; margin-top: 10px; font-size: 20px;\">An avalanche of trends and market drivers that set the tone.<\/span><\/p>\n<\/div>\n<div class=\"visible-lg visible-md visible-sm hidden-xs\"><img src=\"https:\/\/events.sustainablebrands.com\/sb16istanbul\/image\/ana.jpg\" alt=\"\"><\/div>\n<div class=\"row\" style=\"margin-bottom: 30px;\"><\/div>\n<div class=\"row\">\n<!--\n\n\n<ul>\n\n\n<li  style=\"list-style-image:url('http:\/\/sustainablebrandsistanbul.com\/2016\/image\/and-icon.jpg');\">Ana Oturumlar<\/li>\n\n\n\n\n<li  style=\"list-style-image:url('http:\/\/sustainablebrandsistanbul.com\/2016\/image\/and-icon.jpg');\">Yeni D\u00fcnyada Markalar i\u00e7in  Ama\u00e7 ve Kar Haritalar\u0131 Nas\u0131l De\u011fi\u015fiyor?<\/li>\n\n\n\n\n<li  style=\"list-style-image:url('http:\/\/sustainablebrandsistanbul.com\/2016\/image\/and-icon.jpg');\">Anahtar S\u00f6zc\u00fck : Sorumlu Liderlik<\/li>\n\n\n\n\n<li  style=\"list-style-image:url('http:\/\/sustainablebrandsistanbul.com\/2016\/image\/and-icon.jpg');\">De\u011fi\u015fimin Yeni Dili\u2026<\/li>\n\n\n\n\n<li  style=\"list-style-image:url('http:\/\/sustainablebrandsistanbul.com\/2016\/image\/and-icon.jpg');\">\u0130nsanlar, Makinalar ve Markalar <\/li>\n\n\n\n\n<li  style=\"list-style-image:url('http:\/\/sustainablebrandsistanbul.com\/2016\/image\/and-icon.jpg');\">Markalar\u0131n Hik\u00e2yeleri Nas\u0131l Mutlu Sona Ula\u015f\u0131r?<\/li>\n\n\n\n\n<li  style=\"list-style-image:url('http:\/\/sustainablebrandsistanbul.com\/2016\/image\/and-icon.jpg');\">T\u00fcketici Davran\u0131\u015flar\u0131 De\u011fi\u015fiyor mu? De\u011fi\u015ftiriyor muyuz?<\/li>\n\n\n\n\n<li  style=\"list-style-image:url('http:\/\/sustainablebrandsistanbul.com\/2016\/image\/and-icon.jpg');\">Y\u0131l\u0131n Moda F\u0131rt\u0131nas\u0131 Nereden Esiyor?<\/li>\n\n\n\n\n<li  style=\"list-style-image:url('http:\/\/sustainablebrandsistanbul.com\/2016\/image\/and-icon.jpg');\">Liderler ve K\u0131zlar\u0131 <\/li>\n\n\n\n\n<li  style=\"list-style-image:url('http:\/\/sustainablebrandsistanbul.com\/2016\/image\/and-icon.jpg');\">Bilime Adanm\u0131\u015fl\u0131k : 81 \u0130lde 81 Kimya Laboratuvar\u0131<\/li>\n\n\n\n\n<li  style=\"list-style-image:url('http:\/\/sustainablebrandsistanbul.com\/2016\/image\/and-icon.jpg');\">Karma Marketing: Pazarla \u0130le Budizmin Bulu\u015fmas\u0131<\/li>\n\n\n\n\n<li  style=\"list-style-image:url('http:\/\/sustainablebrandsistanbul.com\/2016\/image\/and-icon.jpg');\">T\u00fcketici Inovasyonu ve Gelece\u011fin Trendleri<\/li>\n\n\n\n\n<li  style=\"list-style-image:url('http:\/\/sustainablebrandsistanbul.com\/2016\/image\/and-icon.jpg');\">Bug\u00fcnden Yar\u0131na Sorumlu Marka Olmak<\/li>\n\n\n\n\n<li  style=\"list-style-image:url('http:\/\/sustainablebrandsistanbul.com\/2016\/image\/and-icon.jpg');\">Z Jenerasyonu Oyunu Nas\u0131l De\u011fi\u015ftirir?<\/li>\n\n\n\n\n<li  style=\"list-style-image:url('http:\/\/sustainablebrandsistanbul.com\/2016\/image\/and-icon.jpg');\">Dijital D\u00f6n\u00fc\u015f\u00fcm  Markalar\u0131n Gelece\u011fini Etkiliyor<\/li>\n\n\n\n\n<li  style=\"list-style-image:url('http:\/\/sustainablebrandsistanbul.com\/2016\/image\/and-icon.jpg');\">Kapsay\u0131c\u0131 ve Destekleyici Bir \u00c7al\u0131\u015fma Ortam\u0131 Yaratmak<\/li>\n\n\n\n\n<li  style=\"list-style-image:url('http:\/\/sustainablebrandsistanbul.com\/2016\/image\/and-icon.jpg');\">S\u00fcrd\u00fcr\u00fclebilir \u0130leti\u015fim: Ac\u0131mas\u0131zca Basitle\u015ftirme ya da Ba\u015far\u0131s\u0131zl\u0131k. Se\u00e7im Sizin\u2026<\/li>\n\n\n\n\n<li  style=\"list-style-image:url('http:\/\/sustainablebrandsistanbul.com\/2016\/image\/and-icon.jpg');\">Ya\u015fama Alternatif Bak\u0131\u015f A\u00e7\u0131lar\u0131<\/li>\n\n\n\n\n<li  style=\"list-style-image:url('http:\/\/sustainablebrandsistanbul.com\/2016\/image\/and-icon.jpg');\">T\u00fcketiciler Markalardan Neler Bekliyor?<\/li>\n\n\n\n\n<li  style=\"list-style-image:url('http:\/\/sustainablebrandsistanbul.com\/2016\/image\/and-icon.jpg');\">Markalar\u0131n Yeni G\u00fcc\u00fc: Dijital \u0130novasyon <\/li>\n\n\n<\/ul>\n\n--><\/p>\n<hr \/>\n<\/div>\n<div class=\"row\"><\/div>\n<div class=\"row\" style=\"padding: 0px 20px; background-color: #dfd340; color: #ffffff;\">\n<p><span style=\"color: #ffffff; margin-top: 10px; font-size: 33px; line-height: 65px;\">BREAKOUTS<\/span><\/p>\n<p><span style=\"color: #ffffff; margin-top: 10px; font-size: 20px;\">Dynamic sessions to help you analyze specific business issues.<\/span><\/p>\n<\/div>\n<div class=\"visible-lg visible-md visible-sm hidden-xs\"><img src=\"https:\/\/events.sustainablebrands.com\/conferences\/sb17istanbul\/wp-content\/uploads\/2017\/02\/paralel.jpg\" alt=\"\"><\/div>\n<div class=\"row\" style=\"margin-bottom: 30px;\"><\/div>\n<div class=\"row\" style=\"margin-bottom: 30px;\">\n<p><a name=\"workshop\"><\/a><\/p>\n<\/div>\n<div class=\"row\">\n<!--\n\n<ul>\n\n\n<li  style=\"list-style-image:url('http:\/\/sustainablebrandsistanbul.com\/2016\/image\/and-icon.jpg');\">\nDijital itibar y\u00f6netiminde yeni d\u00f6nem\n<\/li>\n\n\n\n\n<li  style=\"list-style-image:url('http:\/\/sustainablebrandsistanbul.com\/2016\/image\/and-icon.jpg');\">\nT\u00fcketici Davran\u0131\u015flar\u0131 \u00dczerine En G\u00fcncel Ara\u015ft\u0131rmalar\n<\/li>\n\n\n\n\n<li  style=\"list-style-image:url('http:\/\/sustainablebrandsistanbul.com\/2016\/image\/and-icon.jpg');\">\nTedarik Zinciri Y\u00f6netimi ile Gelece\u011fin Markas\u0131 Olmak\n<\/li>\n\n\n\n\n<li  style=\"list-style-image:url('http:\/\/sustainablebrandsistanbul.com\/2016\/image\/and-icon.jpg');\">\nMarkalar ve STK'lar Gelecek \u0130\u00e7in Nas\u0131l De\u011fi\u015fim Yarat\u0131rlar?\n<\/li>\n\n\n\n\n<li  style=\"list-style-image:url('http:\/\/sustainablebrandsistanbul.com\/2016\/image\/and-icon.jpg');\">\n\u0130\u015f Yerinde Kad\u0131na E\u015fitlik Nas\u0131l \u00d6l\u00e7\u00fcl\u00fcr?\n<\/li>\n\n\n\n\n<li  style=\"list-style-image:url('http:\/\/sustainablebrandsistanbul.com\/2016\/image\/and-icon.jpg');\">\nOtomotiv Sekt\u00f6r\u00fcnde \u0130novasyon ve Tasar\u0131mla De\u011fer Yaratmak\n<\/li>\n\n\n\n\n<li  style=\"list-style-image:url('http:\/\/sustainablebrandsistanbul.com\/2016\/image\/and-icon.jpg');\">\nBir Yava\u015flatma Projesi ; 4 Y\u0131l 3 \u00d6\u011frenim\n<\/li>\n\n\n\n\n<li  style=\"list-style-image:url('http:\/\/sustainablebrandsistanbul.com\/2016\/image\/and-icon.jpg');\">\nT\u00fcketiciyi Sosyal Faydaya Ortak Etmek \n<\/li>\n\n\n\n\n<li  style=\"list-style-image:url('http:\/\/sustainablebrandsistanbul.com\/2016\/image\/and-icon.jpg');\">\nInovasyonda S\u0131n\u0131rlar\u0131 Zorlamak\n<\/li>\n\n\n\n\n<li  style=\"list-style-image:url('http:\/\/sustainablebrandsistanbul.com\/2016\/image\/and-icon.jpg');\">\nTakip ve \u0130zleme ile  Beklentilerinin Y\u00f6netilmesi\n<\/li>\n\n\n\n\n<li  style=\"list-style-image:url('http:\/\/sustainablebrandsistanbul.com\/2016\/image\/and-icon.jpg');\">\nS\u00fcrd\u00fcr\u00fclebilir Inovasyon ile Moda\n<\/li>\n\n\n\n<\/ul>\n\n--><\/p>\n<hr \/>\n<\/div>\n<div class=\"row\"><\/div>\n<div class=\"row\" style=\"padding: 0px 20px; background-color: #3555a0; color: #ffffff;\">\n<p><span style=\"color: #ffffff; margin-top: 10px; font-size: 33px; line-height: 65px;\">WORKSHOPS<\/span><\/p>\n<p><span style=\"color: #ffffff; margin-top: 10px; font-size: 20px;\">Half day, deep dive studios to help you turn ideas into action.<\/span><\/p>\n<\/div>\n<div class=\"visible-lg visible-md visible-sm hidden-xs\"><img src=\"https:\/\/events.sustainablebrands.com\/sb16istanbul\/image\/workshop.jpg\" alt=\"\"><\/div>\n<div class=\"row\" style=\"margin-bottom: 30px;\"><\/div>\n<div class=\"row\" style=\"margin-bottom: 30px;\">\n<p><a name=\"ah\"><\/a><\/p>\n<\/div>\n<div class=\"row\">\n<hr \/>\n<\/div>\n<div class=\"row\"><\/div>\n<div class=\"row\" style=\"padding: 0px 20px; background-color: #87c441; color: #ffffff;\">\n<p><span style=\"color: #ffffff; margin-top: 10px; font-size: 33px; line-height: 65px;\">ACTIVATION HUB<\/span><\/p>\n<p><span style=\"color: #ffffff; margin-top: 10px; font-size: 20px;\">An interactive marketplace where companies collaborate and find partners and solutions they need to address sustainability\/CSR challenges.<\/span><\/p>\n<\/div>\n<div class=\"visible-lg visible-md visible-sm hidden-xs\"><img src=\"https:\/\/events.sustainablebrands.com\/sb16istanbul\/image\/hub.jpg\" alt=\"\"><\/div>\n<div class=\"row\">\n<p><a name=\"sbio\"><\/a><\/p>\n<div class=\"col-md-12\" style=\"margin: 30px 0px 10px 0px;\">\n<h3>Shaping the Future of Commerce Worldwide<\/h3>\n<p>The Activation Hub enabled productive commercial partnerships between companies and organizations who share the commitment to creating a vibrant and sustainable economy of the future. It functioned as a thriving marketplace for attending brands to take the ideas and inspiration from the conference programming, and find the partners and solutions that to help them transform their innovative ideas into a reality and address pressing challenges. This action-centered environment held the conversations, collaborators and tools necessary to bring good ideas \u2013 and brand success \u2013 to life.<\/p>\n<\/div>\n<\/div>\n<div class=\"row\"><\/div>\n<div class=\"row\"><\/div>\n<div class=\"row\"><\/div>\n<div class=\"row\">\n<hr \/>\n<\/div>\n<\/div>\n<\/div>\n<\/div>\n<\/div>\n","protected":false},"excerpt":{"rendered":"<p>Through an innovative program of collaboration and information,\u00a0Sustainable Brands \u201917 Istanbul seeks to provide inspiration, tools, and partnerships to drive business success and positive impact. Join us for\u00a0plenaries,\u00a0breakouts,\u00a0workshops and\u00a0the Activation Hub where you will discover how brands and business leaders are \u201cActivating Purpose\u201d with sustainability-led innovation to create scalable impact and profitability. &nbsp; PLENARIES An [&hellip;]<\/p>\n","protected":false},"author":1,"featured_media":0,"parent":0,"menu_order":0,"comment_status":"closed","ping_status":"closed","template":"","meta":[],"_links":{"self":[{"href":"https:\/\/events.sustainablebrands.com\/conferences\/sb17istanbul\/wp-json\/wp\/v2\/pages\/66"}],"collection":[{"href":"https:\/\/events.sustainablebrands.com\/conferences\/sb17istanbul\/wp-json\/wp\/v2\/pages"}],"about":[{"href":"https:\/\/events.sustainablebrands.com\/conferences\/sb17istanbul\/wp-json\/wp\/v2\/types\/page"}],"author":[{"embeddable":true,"href":"https:\/\/events.sustainablebrands.com\/conferences\/sb17istanbul\/wp-json\/wp\/v2\/users\/1"}],"replies":[{"embeddable":true,"href":"https:\/\/events.sustainablebrands.com\/conferences\/sb17istanbul\/wp-json\/wp\/v2\/comments?post=66"}],"version-history":[{"count":3,"href":"https:\/\/events.sustainablebrands.com\/conferences\/sb17istanbul\/wp-json\/wp\/v2\/pages\/66\/revisions"}],"predecessor-version":[{"id":472,"href":"https:\/\/events.sustainablebrands.com\/conferences\/sb17istanbul\/wp-json\/wp\/v2\/pages\/66\/revisions\/472"}],"wp:attachment":[{"href":"https:\/\/events.sustainablebrands.com\/conferences\/sb17istanbul\/wp-json\/wp\/v2\/media?parent=66"}],"curies":[{"name":"wp","href":"https:\/\/api.w.org\/{rel}","templated":true}]}}