{"id":498,"date":"2017-02-15T14:55:05","date_gmt":"2017-02-15T14:55:05","guid":{"rendered":"https:\/\/events.sustainablebrands.com\/conferences\/sb17istanbul\/?page_id=498"},"modified":"2017-04-03T09:03:23","modified_gmt":"2017-04-03T09:03:23","slug":"mekan","status":"publish","type":"page","link":"https:\/\/events.sustainablebrands.com\/conferences\/sb17istanbul\/tr\/mekan\/","title":{"rendered":"Mekan"},"content":{"rendered":"<p>&nbsp;<\/p>\n<p><img class=\"size-full wp-image-988 aligncenter\" src=\"https:\/\/events.sustainablebrands.com\/sb16istanbul\/image\/bg-loc-ll.jpg\" alt=\"PB-Genel-Gece-(3-retouch)\" \/><\/p>\n<p style=\"text-align: center;\"><b style=\"color: #24b0e4; font-family: DIN, Helvetica, Arial, sans-serif;\">Konaklama<\/b><\/p>\n<p style=\"text-align: center;\">Swissotel The Bosphorus \u0130stanbul\u2019da indirimli fiyatlar ile konaklama yapmak i\u00e7in a\u015fa\u011f\u0131daki ileti\u015fim bilgilerinden\u00a0telefon veya mail ile rezervasyon\u00a0yapt\u0131rabilirsiniz.<\/p>\n<div style=\"text-align: center;\">Email:\u00a0melike.yalcin@swissotel.com<\/div>\n<div style=\"text-align: center;\">Tel: +90 212 326 8181<\/p>\n<p><a class=\"x_OWAAutoLink\" href=\"http:\/\/www.swissotel.com.tr\/hotels\/istanbul\/\" target=\"_blank\">http:\/\/www.swissotel.com.tr\/hotels\/istanbul\/<\/a><\/div>\n<p style=\"text-align: center;\">Hilton ParkSA\u2019da indirimli fiyatlar ile konaklama yapmak i\u00e7in a\u015fa\u011f\u0131daki ileti\u015fim bilgilerinden\u00a0telefon veya mail ile rezervasyon\u00a0yapt\u0131rabilirsiniz.<\/p>\n<div style=\"text-align: center;\">Email:\u00a0reservation.istanbul@hilton.com<\/div>\n<div style=\"text-align: center;\">Tel:\u00a0+90 212 310 1200<\/p>\n<p><a id=\"LPlnk124879\" class=\"x_OWAAutoLink\" href=\"http:\/\/www.hilton.com.tr\/oteller\/turkiye\/istanbul\/hilton-parksa-istanbul\/\" target=\"_blank\">http:\/\/www.hilton.com.tr\/oteller\/turkiye\/istanbul\/hilton-parksa-istanbul\/<\/a><\/div>\n<p><div id=\"lmm_8ed9499f\" style=\"width:950px;\" class=\"mapsmarker markermap marker-1\">\n<div id=\"lmm_panel_8ed9499f\" class=\"lmm-panel\" style=\"background:#efefef;\">\n<div id=\"lmm_panel_api_8ed9499f\" class=\"lmm-panel-api\"><a href=\"https:\/\/maps.google.com\/maps?daddr=41.041598,28.995228&amp;t=m&amp;layer=1&amp;doflg=ptk&amp;om=0\" target=\"_blank\" title=\"Get directions\"><img alt=\"icon-car.png\" src=\"https:\/\/events.sustainablebrands.com\/conferences\/sb17istanbul\/wp-content\/plugins\/leaflet-maps-marker\/inc\/img\/icon-car.png\" width=\"14\" height=\"14\" class=\"lmm-panel-api-images\" \/><\/a><a href=\"https:\/\/events.sustainablebrands.com\/conferences\/sb17istanbul\/wp-content\/plugins\/leaflet-maps-marker\/leaflet-fullscreen.php?marker=1\" style=\"text-decoration:none;\" title=\"Open standalone map in fullscreen mode\" target=\"_blank\"><img src=\"https:\/\/events.sustainablebrands.com\/conferences\/sb17istanbul\/wp-content\/plugins\/leaflet-maps-marker\/inc\/img\/icon-fullscreen.png\" width=\"14\" height=\"14\" alt=\"Fullscreen-Logo\" class=\"lmm-panel-api-images\" \/><\/a><\/div><div id=\"lmm_panel_text_8ed9499f\" class=\"lmm-panel-text\" style=\"font-weight:bold;color:#373737;\">Swissotel The Bosphorus Istanbul<\/div><\/div>\n<div id=\"lmm_map_8ed9499f\" class=\"lmm-map\" style=\"background:#f6f6f6;border:1px solid #ccc;height:480px; overflow:hidden;padding:0;\"><p style=\"font-size:80%;color:#9f9e9e;margin-left:5px;\">loading map - please wait...<noscript><br\/><strong>Map could not be loaded - please enable Javascript!<\/strong><br\/><a style=\"text-decoration:none;\" href=\"https:\/\/www.mapsmarker.com\/js-disabled\" target=\"_blank\">&rarr; more information<\/a><\/noscript><\/p><\/div>\n<div id=\"lmm_geo_tags_8ed9499f\" class=\"lmm-geo-tags geo\">\n<span class=\"paneltext\">Swissotel The Bosphorus Istanbul<\/span>\n<span class=\"latitude\">41.041598<\/span>, <span class=\"longitude\">28.995228<\/span>\n<span class=\"popuptext\">Swissotel The Bosphorus Istanbul<\/span>\n<\/div>\n<\/div><span style=\"text-decoration: underline;\"><br \/>\n<\/span><\/p>\n","protected":false},"excerpt":{"rendered":"<p>&nbsp; Konaklama Swissotel The Bosphorus \u0130stanbul\u2019da indirimli fiyatlar ile konaklama yapmak i\u00e7in a\u015fa\u011f\u0131daki ileti\u015fim bilgilerinden\u00a0telefon veya mail ile rezervasyon\u00a0yapt\u0131rabilirsiniz. Email:\u00a0melike.yalcin@swissotel.com Tel: +90 212 326 8181 http:\/\/www.swissotel.com.tr\/hotels\/istanbul\/ Hilton ParkSA\u2019da indirimli fiyatlar ile konaklama yapmak i\u00e7in a\u015fa\u011f\u0131daki ileti\u015fim bilgilerinden\u00a0telefon veya mail ile rezervasyon\u00a0yapt\u0131rabilirsiniz. Email:\u00a0reservation.istanbul@hilton.com Tel:\u00a0+90 212 310 1200 http:\/\/www.hilton.com.tr\/oteller\/turkiye\/istanbul\/hilton-parksa-istanbul\/<\/p>\n","protected":false},"author":1,"featured_media":0,"parent":0,"menu_order":0,"comment_status":"closed","ping_status":"closed","template":"","meta":[],"_links":{"self":[{"href":"https:\/\/events.sustainablebrands.com\/conferences\/sb17istanbul\/wp-json\/wp\/v2\/pages\/498"}],"collection":[{"href":"https:\/\/events.sustainablebrands.com\/conferences\/sb17istanbul\/wp-json\/wp\/v2\/pages"}],"about":[{"href":"https:\/\/events.sustainablebrands.com\/conferences\/sb17istanbul\/wp-json\/wp\/v2\/types\/page"}],"author":[{"embeddable":true,"href":"https:\/\/events.sustainablebrands.com\/conferences\/sb17istanbul\/wp-json\/wp\/v2\/users\/1"}],"replies":[{"embeddable":true,"href":"https:\/\/events.sustainablebrands.com\/conferences\/sb17istanbul\/wp-json\/wp\/v2\/comments?post=498"}],"version-history":[{"count":3,"href":"https:\/\/events.sustainablebrands.com\/conferences\/sb17istanbul\/wp-json\/wp\/v2\/pages\/498\/revisions"}],"predecessor-version":[{"id":1041,"href":"https:\/\/events.sustainablebrands.com\/conferences\/sb17istanbul\/wp-json\/wp\/v2\/pages\/498\/revisions\/1041"}],"wp:attachment":[{"href":"https:\/\/events.sustainablebrands.com\/conferences\/sb17istanbul\/wp-json\/wp\/v2\/media?parent=498"}],"curies":[{"name":"wp","href":"https:\/\/api.w.org\/{rel}","templated":true}]}}