{"id":274,"date":"2017-01-14T22:32:02","date_gmt":"2017-01-14T22:32:02","guid":{"rendered":"https:\/\/events.sustainablebrands.com\/conferences\/sb17istanbul\/?page_id=274"},"modified":"2017-02-15T14:33:59","modified_gmt":"2017-02-15T14:33:59","slug":"katilimcilar","status":"publish","type":"page","link":"https:\/\/events.sustainablebrands.com\/conferences\/sb17istanbul\/tr\/katilimcilar\/","title":{"rendered":"Kat\u0131l\u0131mc\u0131lar"},"content":{"rendered":"<h1 class=\"blue\" font-size:21px font style=\"color:#00b3e8;\">Marka D\u00fcnyas\u0131ndan bir milyondan fazla profesyonelin bulu\u015ftu\u011fu platform 5. kez \u0130stanbul&#8217;da!<\/h1>\n<p><\/br><br \/>\n<img loading=\"lazy\" src=\"https:\/\/events.sustainablebrands.com\/sb16istanbul\/image\/kimler.png\" width=\"1172\" height=\"179\" alt=\"\" class=\"alignnone size-full\" \/><\/p>\n<h2 class=\"red\">Kimler Kat\u0131l\u0131yor?<\/h2>\n<p>SB\u201917 Istanbul d\u00fcnyan\u0131n en b\u00fcy\u00fck global markalar\u0131, sosyal giri\u015fimcileri, sivil toplum kurulu\u015flar\u0131, yat\u0131r\u0131mc\u0131lar\u0131, akademisyenleri ve di\u011fer payda\u015flar\u0131 temsil eden ve destekleyen de\u011fi\u015fimin liderlerini bir araya getiren en b\u00fcy\u00fck bulu\u015fmad\u0131r.<\/p>\n<h2 class=\"red\">Neden Kat\u0131lmal\u0131s\u0131n\u0131z?<\/h2>\n<p>D\u00fc\u015f\u00fcnce liderleri, marka yenilik\u00e7ileri, tasar\u0131mc\u0131lar ve global i\u015f liderleri s\u00fcrd\u00fcr\u00fclebilirlik ile ilgili \u00e7e\u015fitli konular\u0131 ke\u015ffetmek i\u00e7in SB\u201917 Istanbul\u2019da bir araya geliyor. Konferansta yer alan Ana Oturumlar, Paralel Oturumlar, Workshoplar ve Activation Hub\u2019lar ile sivil toplum kurulu\u015flar\u0131ndan KOB\u0130 sahiplerine, CEO\u2019lardan global i\u015f liderlerine, herkese fayda sa\u011flanmas\u0131 tasarlanm\u0131\u015ft\u0131r. markalar\u0131n ve i\u015f liderlerinin\u00a0\u00f6l\u00e7\u00fclebilir etki ve karl\u0131l\u0131k i\u00e7in gelece\u011fi \u015fekillendiren inovasyon ile birlikte kullanarak nas\u0131l \u201cAmac\u0131 Aktive Ettikleri\u201d\u00a0ni \u00f6\u011frenmek i\u00e7in bize SB\u201917 Istanbul\u2019a kat\u0131lma f\u0131rsat\u0131n\u0131 ka\u00e7\u0131rmay\u0131n.<\/p>\n","protected":false},"excerpt":{"rendered":"<p>Marka D\u00fcnyas\u0131ndan bir milyondan fazla profesyonelin bulu\u015ftu\u011fu platform 5. kez \u0130stanbul&#8217;da! Kimler Kat\u0131l\u0131yor? SB\u201917 Istanbul d\u00fcnyan\u0131n en b\u00fcy\u00fck global markalar\u0131, sosyal giri\u015fimcileri, sivil toplum kurulu\u015flar\u0131, yat\u0131r\u0131mc\u0131lar\u0131, akademisyenleri ve di\u011fer payda\u015flar\u0131 temsil eden ve destekleyen de\u011fi\u015fimin liderlerini bir araya getiren en b\u00fcy\u00fck bulu\u015fmad\u0131r. Neden Kat\u0131lmal\u0131s\u0131n\u0131z? D\u00fc\u015f\u00fcnce liderleri, marka yenilik\u00e7ileri, tasar\u0131mc\u0131lar ve global i\u015f liderleri s\u00fcrd\u00fcr\u00fclebilirlik ile [&hellip;]<\/p>\n","protected":false},"author":1,"featured_media":0,"parent":0,"menu_order":0,"comment_status":"closed","ping_status":"closed","template":"","meta":[],"_links":{"self":[{"href":"https:\/\/events.sustainablebrands.com\/conferences\/sb17istanbul\/wp-json\/wp\/v2\/pages\/274"}],"collection":[{"href":"https:\/\/events.sustainablebrands.com\/conferences\/sb17istanbul\/wp-json\/wp\/v2\/pages"}],"about":[{"href":"https:\/\/events.sustainablebrands.com\/conferences\/sb17istanbul\/wp-json\/wp\/v2\/types\/page"}],"author":[{"embeddable":true,"href":"https:\/\/events.sustainablebrands.com\/conferences\/sb17istanbul\/wp-json\/wp\/v2\/users\/1"}],"replies":[{"embeddable":true,"href":"https:\/\/events.sustainablebrands.com\/conferences\/sb17istanbul\/wp-json\/wp\/v2\/comments?post=274"}],"version-history":[{"count":3,"href":"https:\/\/events.sustainablebrands.com\/conferences\/sb17istanbul\/wp-json\/wp\/v2\/pages\/274\/revisions"}],"predecessor-version":[{"id":493,"href":"https:\/\/events.sustainablebrands.com\/conferences\/sb17istanbul\/wp-json\/wp\/v2\/pages\/274\/revisions\/493"}],"wp:attachment":[{"href":"https:\/\/events.sustainablebrands.com\/conferences\/sb17istanbul\/wp-json\/wp\/v2\/media?parent=274"}],"curies":[{"name":"wp","href":"https:\/\/api.w.org\/{rel}","templated":true}]}}