{"id":272,"date":"2017-01-14T22:31:16","date_gmt":"2017-01-14T22:31:16","guid":{"rendered":"https:\/\/events.sustainablebrands.com\/conferences\/sb17istanbul\/?page_id=272"},"modified":"2017-02-14T14:41:15","modified_gmt":"2017-02-14T14:41:15","slug":"program-hakkinda","status":"publish","type":"page","link":"https:\/\/events.sustainablebrands.com\/conferences\/sb17istanbul\/tr\/program-hakkinda\/","title":{"rendered":"Program Hakk\u0131nda"},"content":{"rendered":"<div class=\"container\">\n<div class=\"row\">\n<div>\n<div class=\"container\">\n<div class=\"row\">\n<p>\u0130\u015fbirli\u011fi ve bilginin yarat\u0131c\u0131 bulu\u015fmas\u0131 ile, Sustainable Brands \u201817 Istanbul i\u015f d\u00fcnyas\u0131n\u0131 ba\u015far\u0131ya ve pozitif etki b\u0131rakmaya itecek ilham verici \u00e7\u00f6z\u00fcmler, ara\u00e7lar ve i\u015fbirlikleri sa\u011flamay\u0131 ama\u00e7lamaktad\u0131r. <font style=\"color:#00b3e8; font-size:18px\">Ana\u00a0oturumlar, paralel oturumlar, workshoplar<\/font> ve <font style=\"color:#00b3e8; font-size:18px\">Activation Hub<\/font> arac\u0131l\u0131\u011f\u0131 ile markalar\u0131n ve i\u015f liderlerinin\u00a0\u00f6l\u00e7\u00fclebilir etki ve karl\u0131l\u0131k i\u00e7in gelece\u011fi \u015fekillendiren inovasyon ile birlikte kullanarak nas\u0131l \u201cAmac\u0131 Aktive Ettikleri\u201d\u00a0ni \u00f6\u011frenmek i\u00e7in bize kat\u0131l\u0131n.<\/p>\n<p>&nbsp;<\/p>\n<\/div>\n<div class=\"row\" style=\"padding: 0px 20px; background-color: #00b3e8; color: #ffffff;\">\n<p><span style=\"color: #ffffff; margin-top: 10px; font-size: 33px; line-height: 65px;\">ANA OTURUMLAR<br \/>\n<\/span><\/p>\n<p><span style=\"color: #ffffff; margin-top: 10px; font-size: 20px;\">Gelece\u011fi \u015fekillendiren trendler ve pazar dinamikleri.<\/span><\/p>\n<\/div>\n<div class=\"visible-lg visible-md visible-sm hidden-xs\"><img src=\"https:\/\/events.sustainablebrands.com\/sb16istanbul\/image\/ana.jpg\" alt=\"\"><\/div>\n<div class=\"row\" style=\"margin-bottom: 30px;\"><\/div>\n<div class=\"row\">\n<!--\n\n\n<ul>\n\n\n<li  style=\"list-style-image:url('http:\/\/sustainablebrandsistanbul.com\/2016\/image\/and-icon.jpg');\">Ana Oturumlar<\/li>\n\n\n\n\n<li  style=\"list-style-image:url('http:\/\/sustainablebrandsistanbul.com\/2016\/image\/and-icon.jpg');\">Yeni D\u00fcnyada Markalar i\u00e7in  Ama\u00e7 ve Kar Haritalar\u0131 Nas\u0131l De\u011fi\u015fiyor?<\/li>\n\n\n\n\n<li  style=\"list-style-image:url('http:\/\/sustainablebrandsistanbul.com\/2016\/image\/and-icon.jpg');\">Anahtar S\u00f6zc\u00fck : Sorumlu Liderlik<\/li>\n\n\n\n\n<li  style=\"list-style-image:url('http:\/\/sustainablebrandsistanbul.com\/2016\/image\/and-icon.jpg');\">De\u011fi\u015fimin Yeni Dili\u2026<\/li>\n\n\n\n\n<li  style=\"list-style-image:url('http:\/\/sustainablebrandsistanbul.com\/2016\/image\/and-icon.jpg');\">\u0130nsanlar, Makinalar ve Markalar <\/li>\n\n\n\n\n<li  style=\"list-style-image:url('http:\/\/sustainablebrandsistanbul.com\/2016\/image\/and-icon.jpg');\">Markalar\u0131n Hik\u00e2yeleri Nas\u0131l Mutlu Sona Ula\u015f\u0131r?<\/li>\n\n\n\n\n<li  style=\"list-style-image:url('http:\/\/sustainablebrandsistanbul.com\/2016\/image\/and-icon.jpg');\">T\u00fcketici Davran\u0131\u015flar\u0131 De\u011fi\u015fiyor mu? De\u011fi\u015ftiriyor muyuz?<\/li>\n\n\n\n\n<li  style=\"list-style-image:url('http:\/\/sustainablebrandsistanbul.com\/2016\/image\/and-icon.jpg');\">Y\u0131l\u0131n Moda F\u0131rt\u0131nas\u0131 Nereden Esiyor?<\/li>\n\n\n\n\n<li  style=\"list-style-image:url('http:\/\/sustainablebrandsistanbul.com\/2016\/image\/and-icon.jpg');\">Liderler ve K\u0131zlar\u0131 <\/li>\n\n\n\n\n<li  style=\"list-style-image:url('http:\/\/sustainablebrandsistanbul.com\/2016\/image\/and-icon.jpg');\">Bilime Adanm\u0131\u015fl\u0131k : 81 \u0130lde 81 Kimya Laboratuvar\u0131<\/li>\n\n\n\n\n<li  style=\"list-style-image:url('http:\/\/sustainablebrandsistanbul.com\/2016\/image\/and-icon.jpg');\">Karma Marketing: Pazarla \u0130le Budizmin Bulu\u015fmas\u0131<\/li>\n\n\n\n\n<li  style=\"list-style-image:url('http:\/\/sustainablebrandsistanbul.com\/2016\/image\/and-icon.jpg');\">T\u00fcketici Inovasyonu ve Gelece\u011fin Trendleri<\/li>\n\n\n\n\n<li  style=\"list-style-image:url('http:\/\/sustainablebrandsistanbul.com\/2016\/image\/and-icon.jpg');\">Bug\u00fcnden Yar\u0131na Sorumlu Marka Olmak<\/li>\n\n\n\n\n<li  style=\"list-style-image:url('http:\/\/sustainablebrandsistanbul.com\/2016\/image\/and-icon.jpg');\">Z Jenerasyonu Oyunu Nas\u0131l De\u011fi\u015ftirir?<\/li>\n\n\n\n\n<li  style=\"list-style-image:url('http:\/\/sustainablebrandsistanbul.com\/2016\/image\/and-icon.jpg');\">Dijital D\u00f6n\u00fc\u015f\u00fcm  Markalar\u0131n Gelece\u011fini Etkiliyor<\/li>\n\n\n\n\n<li  style=\"list-style-image:url('http:\/\/sustainablebrandsistanbul.com\/2016\/image\/and-icon.jpg');\">Kapsay\u0131c\u0131 ve Destekleyici Bir \u00c7al\u0131\u015fma Ortam\u0131 Yaratmak<\/li>\n\n\n\n\n<li  style=\"list-style-image:url('http:\/\/sustainablebrandsistanbul.com\/2016\/image\/and-icon.jpg');\">S\u00fcrd\u00fcr\u00fclebilir \u0130leti\u015fim: Ac\u0131mas\u0131zca Basitle\u015ftirme ya da Ba\u015far\u0131s\u0131zl\u0131k. Se\u00e7im Sizin\u2026<\/li>\n\n\n\n\n<li  style=\"list-style-image:url('http:\/\/sustainablebrandsistanbul.com\/2016\/image\/and-icon.jpg');\">Ya\u015fama Alternatif Bak\u0131\u015f A\u00e7\u0131lar\u0131<\/li>\n\n\n\n\n<li  style=\"list-style-image:url('http:\/\/sustainablebrandsistanbul.com\/2016\/image\/and-icon.jpg');\">T\u00fcketiciler Markalardan Neler Bekliyor?<\/li>\n\n\n\n\n<li  style=\"list-style-image:url('http:\/\/sustainablebrandsistanbul.com\/2016\/image\/and-icon.jpg');\">Markalar\u0131n Yeni G\u00fcc\u00fc: Dijital \u0130novasyon <\/li>\n\n\n<\/ul>\n\n--><\/p>\n<hr \/>\n<\/div>\n<div class=\"row\"><\/div>\n<div class=\"row\" style=\"padding: 0px 20px; background-color: #dfd340; color: #ffffff;\">\n<p><span style=\"color: #ffffff; margin-top: 10px; font-size: 33px; line-height: 65px;\">PARALEL OTURUMLAR<\/span><\/p>\n<p><span style=\"color: #ffffff; margin-top: 10px; font-size: 20px;\">\u0130\u015f modellerini analiz etmenize yard\u0131mc\u0131 olacak dinamik oturumlar.<\/span><\/p>\n<\/div>\n<div class=\"visible-lg visible-md visible-sm hidden-xs\"><img src=\"https:\/\/events.sustainablebrands.com\/conferences\/sb17istanbul\/wp-content\/uploads\/2017\/02\/paralel.jpg\" alt=\"\"><\/div>\n<div class=\"row\" style=\"margin-bottom: 30px;\"><\/div>\n<div class=\"row\" style=\"margin-bottom: 30px;\">\n<p><a name=\"workshop\"><\/a><\/p>\n<\/div>\n<div class=\"row\">\n<!--\n\n<ul>\n\n\n<li  style=\"list-style-image:url('http:\/\/sustainablebrandsistanbul.com\/2016\/image\/and-icon.jpg');\">\nDijital itibar y\u00f6netiminde yeni d\u00f6nem\n<\/li>\n\n\n\n\n<li  style=\"list-style-image:url('http:\/\/sustainablebrandsistanbul.com\/2016\/image\/and-icon.jpg');\">\nT\u00fcketici Davran\u0131\u015flar\u0131 \u00dczerine En G\u00fcncel Ara\u015ft\u0131rmalar\n<\/li>\n\n\n\n\n<li  style=\"list-style-image:url('http:\/\/sustainablebrandsistanbul.com\/2016\/image\/and-icon.jpg');\">\nTedarik Zinciri Y\u00f6netimi ile Gelece\u011fin Markas\u0131 Olmak\n<\/li>\n\n\n\n\n<li  style=\"list-style-image:url('http:\/\/sustainablebrandsistanbul.com\/2016\/image\/and-icon.jpg');\">\nMarkalar ve STK'lar Gelecek \u0130\u00e7in Nas\u0131l De\u011fi\u015fim Yarat\u0131rlar?\n<\/li>\n\n\n\n\n<li  style=\"list-style-image:url('http:\/\/sustainablebrandsistanbul.com\/2016\/image\/and-icon.jpg');\">\n\u0130\u015f Yerinde Kad\u0131na E\u015fitlik Nas\u0131l \u00d6l\u00e7\u00fcl\u00fcr?\n<\/li>\n\n\n\n\n<li  style=\"list-style-image:url('http:\/\/sustainablebrandsistanbul.com\/2016\/image\/and-icon.jpg');\">\nOtomotiv Sekt\u00f6r\u00fcnde \u0130novasyon ve Tasar\u0131mla De\u011fer Yaratmak\n<\/li>\n\n\n\n\n<li  style=\"list-style-image:url('http:\/\/sustainablebrandsistanbul.com\/2016\/image\/and-icon.jpg');\">\nBir Yava\u015flatma Projesi ; 4 Y\u0131l 3 \u00d6\u011frenim\n<\/li>\n\n\n\n\n<li  style=\"list-style-image:url('http:\/\/sustainablebrandsistanbul.com\/2016\/image\/and-icon.jpg');\">\nT\u00fcketiciyi Sosyal Faydaya Ortak Etmek \n<\/li>\n\n\n\n\n<li  style=\"list-style-image:url('http:\/\/sustainablebrandsistanbul.com\/2016\/image\/and-icon.jpg');\">\nInovasyonda S\u0131n\u0131rlar\u0131 Zorlamak\n<\/li>\n\n\n\n\n<li  style=\"list-style-image:url('http:\/\/sustainablebrandsistanbul.com\/2016\/image\/and-icon.jpg');\">\nTakip ve \u0130zleme ile  Beklentilerinin Y\u00f6netilmesi\n<\/li>\n\n\n\n\n<li  style=\"list-style-image:url('http:\/\/sustainablebrandsistanbul.com\/2016\/image\/and-icon.jpg');\">\nS\u00fcrd\u00fcr\u00fclebilir Inovasyon ile Moda\n<\/li>\n\n\n\n<\/ul>\n\n--><\/p>\n<hr \/>\n<\/div>\n<div class=\"row\"><\/div>\n<div class=\"row\" style=\"padding: 0px 20px; background-color: #3555a0; color: #ffffff;\">\n<p><span style=\"color: #ffffff; margin-top: 10px; font-size: 33px; line-height: 65px;\">WORKSHOP<\/span><\/p>\n<p><span style=\"color: #ffffff; margin-top: 10px; font-size: 20px;\">Fikirlerinizi harekete ge\u00e7irmenize yard\u0131mc\u0131 olacak, ilham veren at\u00f6lye \u00e7al\u0131\u015fmalar\u0131.<\/span><\/p>\n<\/div>\n<div class=\"visible-lg visible-md visible-sm hidden-xs\"><img src=\"https:\/\/events.sustainablebrands.com\/sb16istanbul\/image\/workshop.jpg\" alt=\"\"><\/div>\n<div class=\"row\" style=\"margin-bottom: 30px;\"><\/div>\n<div class=\"row\" style=\"margin-bottom: 30px;\">\n<p><a name=\"ah\"><\/a><\/p>\n<\/div>\n<div class=\"row\">\n<hr \/>\n<\/div>\n<div class=\"row\"><\/div>\n<div class=\"row\" style=\"padding: 0px 20px; background-color: #87c441; color: #ffffff;\">\n<p><span style=\"color: #ffffff; margin-top: 10px; font-size: 33px; line-height: 65px;\">ACTIVATION HUB<\/span><\/p>\n<p><span style=\"color: #ffffff; margin-top: 10px; font-size: 20px;\">Ele al\u0131nmas\u0131 gereken s\u00fcrd\u00fcr\u00fclebilirlik ve KSS zorluklar\u0131 ile ilgili \u015firketlerin i\u015fbirli\u011fi yap\u0131p, \u00e7\u00f6z\u00fcm ortaklar\u0131 ve \u00e7\u00f6z\u00fcmler bulduklar\u0131 bir interaktif pazar.<\/span><\/p>\n<\/div>\n<div class=\"visible-lg visible-md visible-sm hidden-xs\"><img src=\"https:\/\/events.sustainablebrands.com\/sb16istanbul\/image\/hub.jpg\" alt=\"\"><\/div>\n<div class=\"row\">\n<p><a name=\"sbio\"><\/a><\/p>\n<div class=\"col-md-12\" style=\"margin: 30px 0px 10px 0px;\">\n<h3>D\u00fcnya \u00c7ap\u0131nda Ticaretin Gelece\u011fini \u015eekillendirmek<\/h3>\n<p>Activation Hub, gelecekte canl\u0131 ve s\u00fcrd\u00fcr\u00fclebilir bir ekonomi yaratma sorumlulu\u011funu payla\u015fan \u015firketler ve kurulu\u015flar aras\u0131nda verimli ticari ortakl\u0131klar sa\u011flayacak. Bu merkez, konferans program\u0131ndan fikir ve ilham alma ve yenilik\u00e7i fikirlerini ger\u00e7e\u011fe d\u00f6n\u00fc\u015ft\u00fcrmeye yard\u0131mc\u0131 olacak \u00e7\u00f6z\u00fcm ortaklar\u0131n\u0131 ve \u00e7\u00f6z\u00fcmleri bulmada markalar i\u00e7in kuvvetli bir pazar olarak i\u015flev g\u00f6r\u00fcr. Bu eylem merkezli \u00e7evre, konu\u015fmalar\u0131, i\u015fbirlik\u00e7ilerini ve iyi fikirleri \u2013 ve marka ba\u015far\u0131s\u0131n\u0131 \u2013 hayata ge\u00e7irecek ara\u00e7lar\u0131 bar\u0131nd\u0131r\u0131r.<\/p>\n<\/div>\n<\/div>\n<div class=\"row\"><\/div>\n<div class=\"row\"><\/div>\n<div class=\"row\"><\/div>\n<div class=\"row\">\n<hr \/>\n<\/div>\n<\/div>\n<\/div>\n<\/div>\n<\/div>\n","protected":false},"excerpt":{"rendered":"<p>\u0130\u015fbirli\u011fi ve bilginin yarat\u0131c\u0131 bulu\u015fmas\u0131 ile, Sustainable Brands \u201817 Istanbul i\u015f d\u00fcnyas\u0131n\u0131 ba\u015far\u0131ya ve pozitif etki b\u0131rakmaya itecek ilham verici \u00e7\u00f6z\u00fcmler, ara\u00e7lar ve i\u015fbirlikleri sa\u011flamay\u0131 ama\u00e7lamaktad\u0131r. Ana\u00a0oturumlar, paralel oturumlar, workshoplar ve Activation Hub arac\u0131l\u0131\u011f\u0131 ile markalar\u0131n ve i\u015f liderlerinin\u00a0\u00f6l\u00e7\u00fclebilir etki ve karl\u0131l\u0131k i\u00e7in gelece\u011fi \u015fekillendiren inovasyon ile birlikte kullanarak nas\u0131l \u201cAmac\u0131 Aktive Ettikleri\u201d\u00a0ni \u00f6\u011frenmek i\u00e7in [&hellip;]<\/p>\n","protected":false},"author":1,"featured_media":0,"parent":0,"menu_order":0,"comment_status":"closed","ping_status":"closed","template":"","meta":[],"_links":{"self":[{"href":"https:\/\/events.sustainablebrands.com\/conferences\/sb17istanbul\/wp-json\/wp\/v2\/pages\/272"}],"collection":[{"href":"https:\/\/events.sustainablebrands.com\/conferences\/sb17istanbul\/wp-json\/wp\/v2\/pages"}],"about":[{"href":"https:\/\/events.sustainablebrands.com\/conferences\/sb17istanbul\/wp-json\/wp\/v2\/types\/page"}],"author":[{"embeddable":true,"href":"https:\/\/events.sustainablebrands.com\/conferences\/sb17istanbul\/wp-json\/wp\/v2\/users\/1"}],"replies":[{"embeddable":true,"href":"https:\/\/events.sustainablebrands.com\/conferences\/sb17istanbul\/wp-json\/wp\/v2\/comments?post=272"}],"version-history":[{"count":3,"href":"https:\/\/events.sustainablebrands.com\/conferences\/sb17istanbul\/wp-json\/wp\/v2\/pages\/272\/revisions"}],"predecessor-version":[{"id":471,"href":"https:\/\/events.sustainablebrands.com\/conferences\/sb17istanbul\/wp-json\/wp\/v2\/pages\/272\/revisions\/471"}],"wp:attachment":[{"href":"https:\/\/events.sustainablebrands.com\/conferences\/sb17istanbul\/wp-json\/wp\/v2\/media?parent=272"}],"curies":[{"name":"wp","href":"https:\/\/api.w.org\/{rel}","templated":true}]}}