{"id":267,"date":"2017-01-14T22:28:57","date_gmt":"2017-01-14T22:28:57","guid":{"rendered":"https:\/\/events.sustainablebrands.com\/conferences\/sb17istanbul\/?page_id=267"},"modified":"2017-01-14T22:28:57","modified_gmt":"2017-01-14T22:28:57","slug":"surdurulebilirlik","status":"publish","type":"page","link":"https:\/\/events.sustainablebrands.com\/conferences\/sb17istanbul\/tr\/surdurulebilirlik\/","title":{"rendered":"S\u00fcrd\u00fcr\u00fclebilirlik"},"content":{"rendered":"<div class=\"container\">\n<div class=\"row\">\n<div class=\"text-justify col-sm-4\"><img src=\"https:\/\/events.sustainablebrands.com\/sb16istanbul\/image\/surdurulebilirlik-image.jpg\" alt=\"\" \/><\/div>\n<div class=\"col-sm-7 text-justify\">S\u00fcrd\u00fcr\u00fclebilir bir gelecek i\u00e7in t\u00fcm taraflarda fark\u0131ndal\u0131\u011f\u0131 art\u0131rmak, \u00e7evreye duyarl\u0131l\u0131\u011f\u0131 sa\u011flamak ve \u00e7evresel etkileri azaltmak hedefi ile SB\u201917 Istanbul <strong>S\u00fcrd\u00fcr\u00fclebilir Etkinlik<\/strong> olarak ger\u00e7ekle\u015ftirilmektedir.<br \/>\n<img src=\"https:\/\/events.sustainablebrands.com\/sb16istanbul\/image\/carbon-co.jpg\" alt=\"\" \/><\/div>\n<\/div>\n<div class=\"row\" style=\"background-image: url('https:\/\/events.sustainablebrands.com\/sb16istanbul\/image\/bg-surdurulebilirlik.jpg');\">\n<div class=\"col-sm-9 col-lg-offset-1 text-justify\">\n<p>&nbsp;<\/p>\n<h1 style=\"font-size: 25px; color: #24b0e4;\">SB\u201917 Istanbul\u2019un <b>S\u00fcrd\u00fcr\u00fclebilir Etkinlik<\/b> Olmas\u0131 \u0130\u00e7in Neler Yap\u0131lmaktad\u0131r?<\/h1>\n<p>&nbsp;<\/p>\n<ul>\n<li>Etkinli\u011fin uluslararas\u0131 kurulu\u015flar\u0131n y\u00f6n verdi\u011fi <strong>S\u00fcrd\u00fcr\u00fclebilir Etkinlik<\/strong> kriterlerine uygun olarak ger\u00e7ekle\u015fmesi hedeflenmektedir<\/li>\n<li><strong>S\u00fcrd\u00fcr\u00fclebilir Etkinlik<\/strong> hedeflerine ger\u00e7ekle\u015ftirmek amac\u0131yla t\u00fcm payda\u015flar ile i\u015fbirli\u011fi yap\u0131lmaktad\u0131r<\/li>\n<li>Enerji harcamalar\u0131n\u0131 azaltmak amac\u0131yla verimli enerji sistemlerinin kullan\u0131lmas\u0131 te\u015fvik edilmektedir<\/li>\n<li>Etkinlik sonucunda ortaya \u00e7\u0131kan at\u0131klar\u0131n geri d\u00f6n\u00fc\u015f\u00fcm sistemine d\u00e2hil edilmesi te\u015fvik edilmektedir<\/li>\n<li>Tan\u0131t\u0131m ve ileti\u015fim materyallerinde b\u00fcy\u00fck oranda geri d\u00f6n\u00fc\u015f\u00fcml\u00fc malzeme kullan\u0131lmaktad\u0131r<\/li>\n<li>Etkinlik kat\u0131l\u0131mc\u0131lar\u0131 toplu ta\u015f\u0131ma kullan\u0131m\u0131na te\u015fvik edilmektedir<\/li>\n<li>Ka\u011f\u0131t t\u00fcketimini en aza indirgemek i\u00e7in online kay\u0131t ve davetiye sistemi uygulanmaktad\u0131r<\/li>\n<li>Etkinlik men\u00fclerinde servis edilen yemekler mevsimsel ve yerel g\u0131dalardan se\u00e7ilmektedir<\/li>\n<li>Etkinlik s\u0131ras\u0131nda ortaya \u00e7\u0131kan karbon sal\u0131m\u0131 hesaplanmakta ve n\u00f6tralize edilmektedir<\/li>\n<\/ul>\n<\/div>\n<\/div>\n<\/div>\n","protected":false},"excerpt":{"rendered":"<p>S\u00fcrd\u00fcr\u00fclebilir bir gelecek i\u00e7in t\u00fcm taraflarda fark\u0131ndal\u0131\u011f\u0131 art\u0131rmak, \u00e7evreye duyarl\u0131l\u0131\u011f\u0131 sa\u011flamak ve \u00e7evresel etkileri azaltmak hedefi ile SB\u201917 Istanbul S\u00fcrd\u00fcr\u00fclebilir Etkinlik olarak ger\u00e7ekle\u015ftirilmektedir. &nbsp; SB\u201917 Istanbul\u2019un S\u00fcrd\u00fcr\u00fclebilir Etkinlik Olmas\u0131 \u0130\u00e7in Neler Yap\u0131lmaktad\u0131r? &nbsp; Etkinli\u011fin uluslararas\u0131 kurulu\u015flar\u0131n y\u00f6n verdi\u011fi S\u00fcrd\u00fcr\u00fclebilir Etkinlik kriterlerine uygun olarak ger\u00e7ekle\u015fmesi hedeflenmektedir S\u00fcrd\u00fcr\u00fclebilir Etkinlik hedeflerine ger\u00e7ekle\u015ftirmek amac\u0131yla t\u00fcm payda\u015flar ile i\u015fbirli\u011fi yap\u0131lmaktad\u0131r [&hellip;]<\/p>\n","protected":false},"author":1,"featured_media":0,"parent":0,"menu_order":0,"comment_status":"closed","ping_status":"closed","template":"","meta":[],"_links":{"self":[{"href":"https:\/\/events.sustainablebrands.com\/conferences\/sb17istanbul\/wp-json\/wp\/v2\/pages\/267"}],"collection":[{"href":"https:\/\/events.sustainablebrands.com\/conferences\/sb17istanbul\/wp-json\/wp\/v2\/pages"}],"about":[{"href":"https:\/\/events.sustainablebrands.com\/conferences\/sb17istanbul\/wp-json\/wp\/v2\/types\/page"}],"author":[{"embeddable":true,"href":"https:\/\/events.sustainablebrands.com\/conferences\/sb17istanbul\/wp-json\/wp\/v2\/users\/1"}],"replies":[{"embeddable":true,"href":"https:\/\/events.sustainablebrands.com\/conferences\/sb17istanbul\/wp-json\/wp\/v2\/comments?post=267"}],"version-history":[{"count":1,"href":"https:\/\/events.sustainablebrands.com\/conferences\/sb17istanbul\/wp-json\/wp\/v2\/pages\/267\/revisions"}],"predecessor-version":[{"id":268,"href":"https:\/\/events.sustainablebrands.com\/conferences\/sb17istanbul\/wp-json\/wp\/v2\/pages\/267\/revisions\/268"}],"wp:attachment":[{"href":"https:\/\/events.sustainablebrands.com\/conferences\/sb17istanbul\/wp-json\/wp\/v2\/media?parent=267"}],"curies":[{"name":"wp","href":"https:\/\/api.w.org\/{rel}","templated":true}]}}