{"id":262,"date":"2017-01-14T22:26:32","date_gmt":"2017-01-14T22:26:32","guid":{"rendered":"https:\/\/events.sustainablebrands.com\/conferences\/sb17istanbul\/?page_id=262"},"modified":"2017-02-13T20:33:57","modified_gmt":"2017-02-13T20:33:57","slug":"hakkinda","status":"publish","type":"page","link":"https:\/\/events.sustainablebrands.com\/conferences\/sb17istanbul\/tr\/hakkinda\/","title":{"rendered":"SB&#8217;17 \u0130stanbul Hakk\u0131nda"},"content":{"rendered":"<p><img loading=\"lazy\" class=\"alignnone wp-image-414 size-full\" src=\"https:\/\/events.sustainablebrands.com\/conferences\/sb17istanbul\/wp-content\/uploads\/2017\/01\/about_tr1.png\" width=\"867\" height=\"149\" srcset=\"https:\/\/events.sustainablebrands.com\/conferences\/sb17istanbul\/wp-content\/uploads\/2017\/01\/about_tr1.png 867w, https:\/\/events.sustainablebrands.com\/conferences\/sb17istanbul\/wp-content\/uploads\/2017\/01\/about_tr1-300x52.png 300w, https:\/\/events.sustainablebrands.com\/conferences\/sb17istanbul\/wp-content\/uploads\/2017\/01\/about_tr1-768x132.png 768w, https:\/\/events.sustainablebrands.com\/conferences\/sb17istanbul\/wp-content\/uploads\/2017\/01\/about_tr1-212x36.png 212w, https:\/\/events.sustainablebrands.com\/conferences\/sb17istanbul\/wp-content\/uploads\/2017\/01\/about_tr1-400x69.png 400w, https:\/\/events.sustainablebrands.com\/conferences\/sb17istanbul\/wp-content\/uploads\/2017\/01\/about_tr1-355x61.png 355w, https:\/\/events.sustainablebrands.com\/conferences\/sb17istanbul\/wp-content\/uploads\/2017\/01\/about_tr1-306x53.png 306w, https:\/\/events.sustainablebrands.com\/conferences\/sb17istanbul\/wp-content\/uploads\/2017\/01\/about_tr1-642x110.png 642w\" sizes=\"(max-width: 867px) 100vw, 867px\" \/><\/p>\n<p>Markalar\u0131n gelece\u011fi \u015fekillendirmede oynad\u0131\u011f\u0131 rol\u00fc anlamaya ve onlara g\u00fc\u00e7 kazand\u0131rmaya odaklanm\u0131\u015f S\u00fcrd\u00fcr\u00fclebilir Markalar, \u00f6\u011frenip eyleme ge\u00e7me ilkesiyle hareket eden uluslararas\u0131 bir platformdur. Gelece\u011fi \u015fekillendiren, d\u00fcnya ekonomisini s\u00fcrd\u00fcr\u00fclebilir bir ekonomiye do\u011fru d\u00f6n\u00fc\u015ft\u00fcrmek ve d\u00fcnyan\u0131n geli\u015fen daha parlak bir gelece\u011fe do\u011fru ilerlemesini sa\u011flamak amac\u0131yla olu\u015fturulan S\u00fcrd\u00fcr\u00fclebilir Markalar\u00ae K\u00fcresel Platformu (Sustainable Brands) markalar ve t\u00fcm payda\u015flar\u0131n\u0131 Boston, San Diego, Kopenhag, Rio de Janeiro, Buenos Aires, Barselona, Cape Town, Bangkok, Kuala Lumpur, Sydney, Tokyo ile birlikte \u0130stanbul\u2019da da bir araya getiriyor.<\/p>\n<h2 class=\"red\">B\u00fcy\u00fcyen Uluslararas\u0131 Platform<\/h2>\n<p>Bu anlamda Sustainable Brands, gelece\u011fin daha iyi markalar\u0131n\u0131 in\u015fa etme konusunda hemfikir olan marka y\u00f6neticilerini bir araya getiren ve onlara kendi aralar\u0131nda ve payda\u015flar\u0131yla g\u00fc\u00e7l\u00fc i\u015fbirlikleri kurmalar\u0131na yarayacak bir network kurma olanaklar\u0131 sa\u011flar.<\/p>\n<p>S\u00fcrd\u00fcr\u00fclebilir Markalar Platformu olarak Sustainable Brands Istanbul\u2019u; farkl\u0131 perspektif ve disiplinlerden ki\u015filerin birbirleriyle ileti\u015fimde olmalar\u0131n\u0131 sa\u011flamak; t\u00fcm payda\u015flar\u0131n iyimser ve i\u015fbirlik\u00e7i bir ortamda bulu\u015fmalar\u0131n\u0131 sa\u011flamak ve gelece\u011fe d\u00f6n\u00fck yeni ad\u0131mlar\u0131n neler oldu\u011fu konusunda ortak bir vizyon yaratabilmelerini te\u015fvik etmek amac\u0131 ile ger\u00e7ekle\u015ftiriyoruz.<\/p>\n<p><img loading=\"lazy\" class=\"alignnone wp-image-415 size-full\" src=\"https:\/\/events.sustainablebrands.com\/conferences\/sb17istanbul\/wp-content\/uploads\/2017\/01\/about_tr2.png\" width=\"1126\" height=\"100\" srcset=\"https:\/\/events.sustainablebrands.com\/conferences\/sb17istanbul\/wp-content\/uploads\/2017\/01\/about_tr2.png 1126w, https:\/\/events.sustainablebrands.com\/conferences\/sb17istanbul\/wp-content\/uploads\/2017\/01\/about_tr2-300x27.png 300w, https:\/\/events.sustainablebrands.com\/conferences\/sb17istanbul\/wp-content\/uploads\/2017\/01\/about_tr2-768x68.png 768w, https:\/\/events.sustainablebrands.com\/conferences\/sb17istanbul\/wp-content\/uploads\/2017\/01\/about_tr2-1024x91.png 1024w, https:\/\/events.sustainablebrands.com\/conferences\/sb17istanbul\/wp-content\/uploads\/2017\/01\/about_tr2-212x19.png 212w, https:\/\/events.sustainablebrands.com\/conferences\/sb17istanbul\/wp-content\/uploads\/2017\/01\/about_tr2-400x36.png 400w, https:\/\/events.sustainablebrands.com\/conferences\/sb17istanbul\/wp-content\/uploads\/2017\/01\/about_tr2-355x32.png 355w, https:\/\/events.sustainablebrands.com\/conferences\/sb17istanbul\/wp-content\/uploads\/2017\/01\/about_tr2-306x27.png 306w, https:\/\/events.sustainablebrands.com\/conferences\/sb17istanbul\/wp-content\/uploads\/2017\/01\/about_tr2-642x57.png 642w, https:\/\/events.sustainablebrands.com\/conferences\/sb17istanbul\/wp-content\/uploads\/2017\/01\/about_tr2-978x87.png 978w\" sizes=\"(max-width: 1126px) 100vw, 1126px\" \/><\/p>\n<h2 class=\"red\">Amac\u0131m\u0131z<\/h2>\n<p>S\u00fcrd\u00fcr\u00fclebilir markalar\u0131n bir araya gelmesini sa\u011flayan bu platform ile amac\u0131m\u0131z, s\u00fcrd\u00fcr\u00fclebilirlik i\u00e7in yarat\u0131c\u0131l\u0131k, \u0130novasyon ve net pozitif etki yaratma konusunda g\u00fcn\u00fcm\u00fczdeki liderlik anlay\u0131\u015f\u0131n\u0131 kuvvetlendirmek; i\u015f d\u00fcnyas\u0131 liderlerini daha s\u00fcrd\u00fcr\u00fclebilir markalar yaratmak i\u00e7in bilin\u00e7lendirmektir.<\/p>\n<p>Hedefimiz mevcut ekonomiyi; \u015firketlerin \u00e7evresel ve sosyal etkilerini y\u00f6neten s\u00fcrd\u00fcr\u00fclebilir i\u015f modelleri uygulad\u0131\u011f\u0131 ve payda\u015flar\u0131n\u0131 d\u00fc\u015f\u00fcnen, s\u00fcrd\u00fcr\u00fclebilir gelecekte daha etkili bir rol oynamaya y\u00f6nelterek b\u00fcy\u00fctmektir.<\/p>\n<p>Sustainable Brands 2016 Istanbul bulu\u015fmas\u0131na siz de gelin ve bulu\u015fman\u0131n sonunda ger\u00e7ek de\u011fi\u015fimi y\u00f6netmek i\u00e7in ilham al\u0131n; \u015firketinizde harekete ge\u00e7mek i\u00e7in gerekli donan\u0131m\u0131 kazand\u0131\u011f\u0131n\u0131z\u0131 ve yeni buldu\u011funuz partnerler ile i\u015fbirli\u011fi yapmak ve uzun ve k\u0131sa vadede i\u015f d\u00fcnyas\u0131ndaki ba\u015far\u0131 i\u00e7in \u00e7\u0131\u011f\u0131r a\u00e7acak yenilikleri te\u015fvik etmekte ne kadar istekli olaca\u011f\u0131n\u0131z\u0131 hissedin.D\u00fcnyay\u0131 daha iyi markalar ile yeniliyoruz\u2026<\/p>\n<p><a href=\"http:\/\/www.sustainablebrands.com\/\" target=\"_blank\">http:\/\/www.sustainablebrands.com\/<\/a><\/p>\n<p>&nbsp;<\/p>\n","protected":false},"excerpt":{"rendered":"<p>Markalar\u0131n gelece\u011fi \u015fekillendirmede oynad\u0131\u011f\u0131 rol\u00fc anlamaya ve onlara g\u00fc\u00e7 kazand\u0131rmaya odaklanm\u0131\u015f S\u00fcrd\u00fcr\u00fclebilir Markalar, \u00f6\u011frenip eyleme ge\u00e7me ilkesiyle hareket eden uluslararas\u0131 bir platformdur. Gelece\u011fi \u015fekillendiren, d\u00fcnya ekonomisini s\u00fcrd\u00fcr\u00fclebilir bir ekonomiye do\u011fru d\u00f6n\u00fc\u015ft\u00fcrmek ve d\u00fcnyan\u0131n geli\u015fen daha parlak bir gelece\u011fe do\u011fru ilerlemesini sa\u011flamak amac\u0131yla olu\u015fturulan S\u00fcrd\u00fcr\u00fclebilir Markalar\u00ae K\u00fcresel Platformu (Sustainable Brands) markalar ve t\u00fcm payda\u015flar\u0131n\u0131 Boston, San [&hellip;]<\/p>\n","protected":false},"author":1,"featured_media":0,"parent":0,"menu_order":0,"comment_status":"closed","ping_status":"closed","template":"","meta":[],"_links":{"self":[{"href":"https:\/\/events.sustainablebrands.com\/conferences\/sb17istanbul\/wp-json\/wp\/v2\/pages\/262"}],"collection":[{"href":"https:\/\/events.sustainablebrands.com\/conferences\/sb17istanbul\/wp-json\/wp\/v2\/pages"}],"about":[{"href":"https:\/\/events.sustainablebrands.com\/conferences\/sb17istanbul\/wp-json\/wp\/v2\/types\/page"}],"author":[{"embeddable":true,"href":"https:\/\/events.sustainablebrands.com\/conferences\/sb17istanbul\/wp-json\/wp\/v2\/users\/1"}],"replies":[{"embeddable":true,"href":"https:\/\/events.sustainablebrands.com\/conferences\/sb17istanbul\/wp-json\/wp\/v2\/comments?post=262"}],"version-history":[{"count":3,"href":"https:\/\/events.sustainablebrands.com\/conferences\/sb17istanbul\/wp-json\/wp\/v2\/pages\/262\/revisions"}],"predecessor-version":[{"id":417,"href":"https:\/\/events.sustainablebrands.com\/conferences\/sb17istanbul\/wp-json\/wp\/v2\/pages\/262\/revisions\/417"}],"wp:attachment":[{"href":"https:\/\/events.sustainablebrands.com\/conferences\/sb17istanbul\/wp-json\/wp\/v2\/media?parent=262"}],"curies":[{"name":"wp","href":"https:\/\/api.w.org\/{rel}","templated":true}]}}